{"id":103,"date":"2022-03-02T11:40:00","date_gmt":"2022-03-02T14:40:00","guid":{"rendered":"http:\/\/core2.homeip.net\/wordpress\/?page_id=103"},"modified":"2026-04-26T17:16:50","modified_gmt":"2026-04-26T20:16:50","slug":"cursos-y-conferencias","status":"publish","type":"page","link":"https:\/\/www.cristinaoleari.com.ar\/?page_id=103","title":{"rendered":"Cursos y Conferencias"},"content":{"rendered":"\n<h1 class=\"wp-block-heading\">Ciudad Aut\u00f3noma de Buenos Aires &#8211; IREP (Instituto Rehabilitaci\u00f3n Psicof\u00edsica)<\/h1>\n\n\n\n<h5 class=\"wp-block-heading\"><span style=\"color: #000000;\"><span style=\"text-align: justify; color: #000000;\">Curso de Postgrado en Reeducaci\u00f3n&nbsp;Postural con Abordaje Global y Cadenas Musculares Cruzadas&nbsp;<\/span><\/span><\/h5>\n\n\n\n<p>Informes e Inscripciones: Fundaci\u00f3n Revivir<br>WEB: <a href=\"mailto:martadenario@hotmail.com\">fundacionrevivir.org.ar<\/a><br>MAIL: <a href=\"mailto:contacto@fundacionrevivir.org.ar\" target=\"_blank\" rel=\"noreferrer noopener\">contacto@fundacionrevivir.org.ar<\/a><br>WHATSAPP: +54 9 11 2834-8290<\/p>\n\n\n\n<figure class=\"wp-block-table\"><table><tbody><tr><td><strong><u>FECHAS 2026<\/u><\/strong><\/td><td><strong><u>ACTIVIDAD<\/u><\/strong><strong><u><\/u><\/strong><\/td><td><strong><u>TEMA<\/u><\/strong><strong><u><\/u><\/strong><\/td><\/tr><tr><td><strong>28 y 29 de marzo<\/strong> <\/td><td>SEMINARIO<br>M\u00d3DULO I<\/td><td>Bases Metodol\u00f3gicas y cient\u00edficas del M\u00e9todo de Reeducaci\u00f3n<\/td><\/tr><tr><td><strong><strong>22 de mayo<\/strong><\/strong> <\/td><td>CL\u00cdNICA<\/td><td>Presentaci\u00f3n de casos<\/td><\/tr><tr><td><strong>23 y 24 de mayo<\/strong> <\/td><td>SEMINARIO<br>M\u00d3DULO II<\/td><td>Cadenas musculares cruzadas<\/td><\/tr><tr><td>26<strong> de junio <\/strong><\/td><td>CL\u00cdNICA<\/td><td>Presentaci\u00f3n de casos<\/td><\/tr><tr><td><strong>27 y 28 de junio<\/strong><\/td><td>SEMINARIO<br>M\u00d3DULO III<\/td><td>Reeducaci\u00f3n postural aplicada a patolog\u00edas del raquis<\/td><\/tr><tr><td><strong>21 de agosto <\/strong><\/td><td>CL\u00cdNICA<\/td><td>Ateneo caso cl\u00ednico con propuesta terap\u00e9utica<\/td><\/tr><tr><td><strong>22 y 23 de agosto <\/strong><\/td><td>SEMINARIO<br>M\u00d3DULO IV<\/td><td>Reeducaci\u00f3n postural aplicada a patolog\u00edas del miembro superior e inferior<\/td><\/tr><tr><td><strong>25 de septiembre<\/strong><\/td><td>CL\u00cdNICA<\/td><td>Supervisiones de casos presentados<\/td><\/tr><tr><td><strong>26 y 27 de septiembre<\/strong><\/td><td>SEMINARIO<br>M\u00d3DULO V<\/td><td>Integraci\u00f3n, revisi\u00f3n y cierre<\/td><\/tr><tr><td><strong>6 de noviembre <\/strong><\/td><td>CL\u00cdNICA FINAL<\/td><td>Supervisiones de casos presentados. Evaluaci\u00f3n final<\/td><\/tr><\/tbody><\/table><\/figure>\n\n\n\n<p><a href=\"https:\/\/www.cristinaoleari.com.ar\/wp-content\/uploads\/2026\/04\/Programa-Curso-de-Reeducacion-Postural-con-Abordaje-Global-IREP-BsAs-2026.pdf\" target=\"_blank\" rel=\"noreferrer noopener\">Descarga del PDF del programa completo del curso<\/a><\/p>\n\n\n\n<hr class=\"wp-block-separator has-alpha-channel-opacity\"\/>\n\n\n\n<h1 class=\"wp-block-heading\"><span style=\"text-align: justify;\">Provincia de Santa Fe &#8211; <strong>Ciudad de Santa Fe, Colegio de Kinesi\u00f3logos de Santa Fe, 1ra. circ. <\/strong><\/span><\/h1>\n\n\n\n<h5 class=\"wp-block-heading\"><span style=\"color: #000000;\"><span style=\"text-align: justify; color: #000000;\">Curso de Postgrado en Reeducaci\u00f3n&nbsp;Postural con Abordaje Global y Cadenas Musculares Cruzadas&nbsp;<\/span><\/span><\/h5>\n\n\n\n<p><strong>Informes: <\/strong>https:\/\/kinesiologossantafe.com.ar<\/p>\n\n\n\n<p><strong>Mail: <\/strong>info@kinesiologossantafe.com.ar<\/p>\n\n\n\n<p><strong>CONSULTAR PARA FECHAS 20<\/strong>27 en informes<\/p>\n\n\n\n<ul class=\"wp-block-list\">\n<li>M\u00f3dulo I<\/li>\n\n\n\n<li>M\u00f3dulo II<\/li>\n\n\n\n<li>M\u00f3dulo III<\/li>\n\n\n\n<li>M\u00f3dulo IV<\/li>\n<\/ul>\n\n\n\n<p>El cronograma de cada m\u00f3dulo podr\u00eda afectar, tambi\u00e9n, el domingo por la ma\u00f1ana hasta las 13 horas, dependiendo de horarios de vuelo, reprogramaciones, retrasos o cualquier otro imponderable.<\/p>\n\n\n\n<p><a href=\"https:\/\/www.cristinaoleari.com.ar\/wp-content\/uploads\/2026\/04\/Curso-de-Postgrado-Reeducacion-Postural-con-abordaje-Global-OLEARI-STA-FE.pdf\" target=\"_blank\" rel=\"noreferrer noopener\">Descarga del PDF del programa completo del curso<\/a><\/p>\n\n\n\n<hr class=\"wp-block-separator has-alpha-channel-opacity\"\/>\n\n\n\n<h1 class=\"wp-block-heading\"><strong>Provincia de Corrientes &#8211; Universidad Nacional del Noreste &#8211; Instituto Mandic<\/strong><\/h1>\n\n\n\n<h5 class=\"wp-block-heading\">2026 &#8211; jornada<span style=\"color: #000000;\"><span style=\"color: #000000;\">: &#8220;<em>HERRAMIENTAS de evaluaci\u00f3n de la postura&#8221;<\/em><\/span><\/span> &#8211; unne<\/h5>\n\n\n\n<p><strong>FECHA: a confirmar<\/strong><\/p>\n\n\n\n<p><strong>Informes: <\/strong><a href=\"mailto:tokibasualdo21@gmail.com\">tokibasualdo21@gmail.com<\/a><\/p>\n\n\n\n<p><a href=\"https:\/\/www.cristinaoleari.com.ar\/wp-content\/uploads\/2026\/04\/Programa-Jornada-Evaluacion-Postural-herramientas-clinicas-y-tecnologicas-Corrientes-2026.pdf\" target=\"_blank\" rel=\"noreferrer noopener\">Descarga del PDF del programa completo de la jornada<\/a><\/p>\n\n\n\n<h5 class=\"wp-block-heading\">2026 &#8211; \u00a8DIPLOMATURA SUPERIOR EN REEDUCACI\u00d3N POSTURAL CON ABORDAJE GLOBAL Y CADENAS CRUZADAS &#8211; UNNE<\/h5>\n\n\n\n<p>Modalidad presencial con apoyo virtual &#8211; Consultar fechas en informes.<\/p>\n\n\n\n<p><strong>Informes: <\/strong><a href=\"mailto:tokibasualdo21@gmail.com\">tokibasualdo21@gmail.com<\/a><\/p>\n\n\n\n<p><a href=\"https:\/\/www.cristinaoleari.com.ar\/wp-content\/uploads\/2026\/04\/Programa-Diplomatura-Superior-Reeducacion-Postural-UNNE-2026.pdf\" target=\"_blank\" rel=\"noreferrer noopener\">DESCARGAR EL PROGRAMA COMPLETO DE LA DIPLOMATURA CON LAS FECHAS DEL MISMO<\/a><\/p>\n\n\n\n<hr class=\"wp-block-separator has-alpha-channel-opacity\"\/>\n\n\n\n<h2 class=\"wp-block-heading\">UNIVERSIDAD FAVALORO<\/h2>\n\n\n\n<h5 class=\"wp-block-heading\"><strong>DIPLOMATURA BIOMEC\u00c1NICA CL\u00cdNICA -de la teor\u00eda a la pr\u00e1ctica-.<\/strong><\/h5>\n\n\n\n<p><strong>SEMIPRESENCIAL &#8211; S\u00d3LO PRESENCIAL EL SEMINARIO 8 DE LABORATORIO<\/strong><\/p>\n\n\n\n<p><strong>INFORMES <\/strong>www.favaloro.edu.ar<\/p>\n\n\n\n<p><a href=\"https:\/\/www.favaloro.edu.ar\/informacion\/kinBMEC_diplomatura-en-biomecanica-clinica-de-la-teoria-a-la-practica\/\" target=\"_blank\" rel=\"noreferrer noopener\">INGRESAR AL LINK CON LA INFORMACI\u00d3N DETALLADA<\/a><\/p>\n\n\n\n<p><strong>FECHAS 2025<\/strong><\/p>\n\n\n\n<figure class=\"wp-block-table\"><table><tbody><tr><td><strong>N\u00b0<\/strong><\/td><td><strong>FECHA<\/strong><\/td><td><strong>SEMINARIOS- TEMAS<\/strong><\/td><\/tr><tr><td><strong>1<\/strong><\/td><td><strong>17 y 18 \/ 04<\/strong><\/td><td>INTRODUCCI\u00d3N A LA BIOMEC\u00c1NICA CL\u00cdNICA<\/td><\/tr><tr><td><strong>2<\/strong><\/td><td><strong>15 y 16 \/ 05<\/strong><\/td><td>BIOMEC\u00c1NICA DE LA POSTURA B\u00cdPEDA<\/td><\/tr><tr><td><strong>3<\/strong><\/td><td><strong>12 y 13 \/ 06<\/strong><\/td><td>BIOMEC\u00c1NICA CL\u00cdNICA DE LA CADENA DE M. S.<\/td><\/tr><tr><td><strong>4<\/strong><\/td><td><strong>17 y 18 \/ 07<\/strong><\/td><td>EL MEDIO ACU\u00c1TICO<\/td><\/tr><tr><td><strong>5<\/strong><\/td><td><strong>14 y 15 \/ 08<\/strong><\/td><td>BIOMEC\u00c1NICA DE LA MARCHA<\/td><\/tr><tr><td><strong>6<\/strong><\/td><td><strong>18 y 19 \/ 09<\/strong><\/td><td>BIOMEC\u00c1NICA DE LOS SALTOS<\/td><\/tr><tr><td><strong>7<\/strong><\/td><td><strong>9 y 10 \/ 10<\/strong><\/td><td>BIOMEC\u00c1NICA DE LA CARRERA<\/td><\/tr><tr><td><strong>8<\/strong><\/td><td><strong>13 y 14 \/ 11<\/strong><\/td><td>PR\u00c1CTICA EN LABORATORIO &#8211; <strong>PRESENCIAL<\/strong><\/td><\/tr><tr><td><strong>9<\/strong><\/td><td><strong>11 y 12 \/ 12<\/strong><\/td><td>INTEGRACI\u00d3N Y EVALUACI\u00d3N FINAL<\/td><\/tr><\/tbody><\/table><\/figure>\n","protected":false},"excerpt":{"rendered":"<p>Ciudad Aut\u00f3noma de Buenos Aires &#8211; IREP (Instituto Rehabilitaci\u00f3n Psicof\u00edsica) Curso de Postgrado en Reeducaci\u00f3n&nbsp;Postural con Abordaje Global y Cadenas Musculares Cruzadas&nbsp; Informes e Inscripciones: Fundaci\u00f3n RevivirWEB: fundacionrevivir.org.arMAIL: contacto@fundacionrevivir.org.arWHATSAPP: +54 9 11 2834-8290 FECHAS 2026 ACTIVIDAD TEMA 28 y 29 de marzo SEMINARIOM\u00d3DULO I Bases Metodol\u00f3gicas y cient\u00edficas del M\u00e9todo de Reeducaci\u00f3n 22 de mayo &hellip; <a href=\"https:\/\/www.cristinaoleari.com.ar\/?page_id=103\" class=\"more-link\">Continu\u00e1 leyendo <span class=\"screen-reader-text\">Cursos y Conferencias<\/span><\/a><\/p>\n","protected":false},"author":1,"featured_media":0,"parent":0,"menu_order":0,"comment_status":"closed","ping_status":"closed","template":"","meta":{"footnotes":""},"class_list":["post-103","page","type-page","status-publish","hentry"],"_links":{"self":[{"href":"https:\/\/www.cristinaoleari.com.ar\/index.php?rest_route=\/wp\/v2\/pages\/103","targetHints":{"allow":["GET"]}}],"collection":[{"href":"https:\/\/www.cristinaoleari.com.ar\/index.php?rest_route=\/wp\/v2\/pages"}],"about":[{"href":"https:\/\/www.cristinaoleari.com.ar\/index.php?rest_route=\/wp\/v2\/types\/page"}],"author":[{"embeddable":true,"href":"https:\/\/www.cristinaoleari.com.ar\/index.php?rest_route=\/wp\/v2\/users\/1"}],"replies":[{"embeddable":true,"href":"https:\/\/www.cristinaoleari.com.ar\/index.php?rest_route=%2Fwp%2Fv2%2Fcomments&post=103"}],"version-history":[{"count":30,"href":"https:\/\/www.cristinaoleari.com.ar\/index.php?rest_route=\/wp\/v2\/pages\/103\/revisions"}],"predecessor-version":[{"id":977,"href":"https:\/\/www.cristinaoleari.com.ar\/index.php?rest_route=\/wp\/v2\/pages\/103\/revisions\/977"}],"wp:attachment":[{"href":"https:\/\/www.cristinaoleari.com.ar\/index.php?rest_route=%2Fwp%2Fv2%2Fmedia&parent=103"}],"curies":[{"name":"wp","href":"https:\/\/api.w.org\/{rel}","templated":true}]}}