{"id":107,"date":"2014-02-14T17:08:07","date_gmt":"2014-02-14T20:08:07","guid":{"rendered":"http:\/\/core2.homeip.net\/wordpress\/?page_id=107"},"modified":"2017-02-01T22:35:04","modified_gmt":"2017-02-01T22:35:04","slug":"postura-y-odontologia","status":"publish","type":"page","link":"https:\/\/www.cristinaoleari.com.ar\/?page_id=107","title":{"rendered":"Postura y Odontolog\u00eda"},"content":{"rendered":"<ul>\n<li><a title=\"Programa de atenci\u00f3n interdisciplinaria del ni\u00f1o con alteraci\u00f3n de la oclusi\u00f3n\" href=\"http:\/\/cristinaoleari.com.ar\/?page_id=105\">Programa de atenci\u00f3n interdisciplinaria del ni\u00f1o con alteraci\u00f3n de la oclusi\u00f3n<\/a><\/li>\n<\/ul>\n<p>&nbsp;<\/p>\n","protected":false},"excerpt":{"rendered":"<p>Programa de atenci\u00f3n interdisciplinaria del ni\u00f1o con alteraci\u00f3n de la oclusi\u00f3n &nbsp;<\/p>\n","protected":false},"author":1,"featured_media":0,"parent":0,"menu_order":0,"comment_status":"closed","ping_status":"closed","template":"","meta":{"footnotes":""},"class_list":["post-107","page","type-page","status-publish","hentry"],"_links":{"self":[{"href":"https:\/\/www.cristinaoleari.com.ar\/index.php?rest_route=\/wp\/v2\/pages\/107","targetHints":{"allow":["GET"]}}],"collection":[{"href":"https:\/\/www.cristinaoleari.com.ar\/index.php?rest_route=\/wp\/v2\/pages"}],"about":[{"href":"https:\/\/www.cristinaoleari.com.ar\/index.php?rest_route=\/wp\/v2\/types\/page"}],"author":[{"embeddable":true,"href":"https:\/\/www.cristinaoleari.com.ar\/index.php?rest_route=\/wp\/v2\/users\/1"}],"replies":[{"embeddable":true,"href":"https:\/\/www.cristinaoleari.com.ar\/index.php?rest_route=%2Fwp%2Fv2%2Fcomments&post=107"}],"version-history":[{"count":1,"href":"https:\/\/www.cristinaoleari.com.ar\/index.php?rest_route=\/wp\/v2\/pages\/107\/revisions"}],"predecessor-version":[{"id":641,"href":"https:\/\/www.cristinaoleari.com.ar\/index.php?rest_route=\/wp\/v2\/pages\/107\/revisions\/641"}],"wp:attachment":[{"href":"https:\/\/www.cristinaoleari.com.ar\/index.php?rest_route=%2Fwp%2Fv2%2Fmedia&parent=107"}],"curies":[{"name":"wp","href":"https:\/\/api.w.org\/{rel}","templated":true}]}}