{"id":131,"date":"2022-03-02T12:00:00","date_gmt":"2022-03-02T15:00:00","guid":{"rendered":"http:\/\/core2.homeip.net\/wordpress\/?page_id=131"},"modified":"2022-03-02T12:07:07","modified_gmt":"2022-03-02T15:07:07","slug":"catedras-universitarias","status":"publish","type":"page","link":"https:\/\/www.cristinaoleari.com.ar\/?page_id=131","title":{"rendered":"C\u00e1tedras Universitarias"},"content":{"rendered":"\n<h1 class=\"wp-block-heading\">Universidad de Buenos Aires (UBA)<\/h1>\n\n\n\n<ul class=\"wp-block-list\"><li><strong>C\u00c1TEDRA DE ANATOM\u00cdA. CARRERA DE LICENCIATURA EN KINESIOLOG\u00cdA Y FISIATR\u00cdA. FACULTAD DE MEDICINA UBA<\/strong><ul><li><a href=\"https:\/\/fmed.uba.ar\/departamentos_y_catedras\/lic-kinesiologia-y-fisiatria-anatomia\/informacion-general\" target=\"_blank\" rel=\"noreferrer noopener\">https:\/\/fmed.uba.ar\/departamentos_y_catedras\/lic-kinesiologia-y-fisiatria-anatomia\/informacion-general<\/a><\/li><\/ul><\/li><\/ul>\n\n\n\n<ul class=\"wp-block-list\"><li><strong>C\u00c1TEDRA BIOMEC\u00c1NICA Y ANATOMIA FUNCIONAL. FACULTAD DE MEDICINA UBA<\/strong><ul><li><a href=\"https:\/\/www.fmed.uba.ar\/departamentos_y_catedras\/biomecanica-y-anatomia-funcional\/informacion-general\" target=\"_blank\" rel=\"noreferrer noopener\">https:\/\/www.fmed.uba.ar\/departamentos_y_catedras\/biomecanica-y-anatomia-funcional\/informacion-general<\/a><\/li><\/ul><\/li><\/ul>\n","protected":false},"excerpt":{"rendered":"<p>Universidad de Buenos Aires (UBA) C\u00c1TEDRA DE ANATOM\u00cdA. CARRERA DE LICENCIATURA EN KINESIOLOG\u00cdA Y FISIATR\u00cdA. FACULTAD DE MEDICINA UBA https:\/\/fmed.uba.ar\/departamentos_y_catedras\/lic-kinesiologia-y-fisiatria-anatomia\/informacion-general C\u00c1TEDRA BIOMEC\u00c1NICA Y ANATOMIA FUNCIONAL. FACULTAD DE MEDICINA UBA https:\/\/www.fmed.uba.ar\/departamentos_y_catedras\/biomecanica-y-anatomia-funcional\/informacion-general<\/p>\n","protected":false},"author":1,"featured_media":0,"parent":0,"menu_order":0,"comment_status":"closed","ping_status":"closed","template":"","meta":{"footnotes":""},"class_list":["post-131","page","type-page","status-publish","hentry"],"_links":{"self":[{"href":"https:\/\/www.cristinaoleari.com.ar\/index.php?rest_route=\/wp\/v2\/pages\/131","targetHints":{"allow":["GET"]}}],"collection":[{"href":"https:\/\/www.cristinaoleari.com.ar\/index.php?rest_route=\/wp\/v2\/pages"}],"about":[{"href":"https:\/\/www.cristinaoleari.com.ar\/index.php?rest_route=\/wp\/v2\/types\/page"}],"author":[{"embeddable":true,"href":"https:\/\/www.cristinaoleari.com.ar\/index.php?rest_route=\/wp\/v2\/users\/1"}],"replies":[{"embeddable":true,"href":"https:\/\/www.cristinaoleari.com.ar\/index.php?rest_route=%2Fwp%2Fv2%2Fcomments&post=131"}],"version-history":[{"count":4,"href":"https:\/\/www.cristinaoleari.com.ar\/index.php?rest_route=\/wp\/v2\/pages\/131\/revisions"}],"predecessor-version":[{"id":710,"href":"https:\/\/www.cristinaoleari.com.ar\/index.php?rest_route=\/wp\/v2\/pages\/131\/revisions\/710"}],"wp:attachment":[{"href":"https:\/\/www.cristinaoleari.com.ar\/index.php?rest_route=%2Fwp%2Fv2%2Fmedia&parent=131"}],"curies":[{"name":"wp","href":"https:\/\/api.w.org\/{rel}","templated":true}]}}