{"id":206,"date":"2014-02-15T04:00:37","date_gmt":"2014-02-15T07:00:37","guid":{"rendered":"http:\/\/core2.homeip.net\/wordpress\/?page_id=206"},"modified":"2022-03-02T10:17:49","modified_gmt":"2022-03-02T13:17:49","slug":"informacion-de-contacto","status":"publish","type":"page","link":"https:\/\/www.cristinaoleari.com.ar\/?page_id=206","title":{"rendered":"Informaci\u00f3n de Contacto"},"content":{"rendered":"<h1 style=\"text-align: justify;\">CONSULTORIO<\/h1>\n<ul>\n<li><em style=\"text-align: justify;\">A\u00f1asco 2519<\/em><\/li>\n<li><em>Ubicado entre las calles Dr. Adolfo Dickman y Almirante F. <em>J. \u00a0<\/em>Segu\u00ed, La Paternal<\/em><\/li>\n<li><em>Ciudad Aut\u00f3noma de Buenos Aires<\/em><\/li>\n<li><em>Argentina<\/em><\/li>\n<li><a style=\"text-align: justify;\" title=\"Consultorio en Google Maps\" href=\"https:\/\/www.google.com.ar\/maps\/place\/A%C3%B1asco+2519\/@-34.598683,-58.4617566,17z\/data=!3m1!4b1!4m2!3m1!1s0x95bcb5ffce15f647:0x8eeae12069cf9cc9\" target=\"_blank\" rel=\"noopener\">Consultorio en Google Maps<\/a><\/li>\n<\/ul>\n<h1>TEL\u00c9FONO<\/h1>\n<ul>\n<li><em>Para llamadas desde Argentina 11 15 4440 3300<\/em><\/li>\n<li><em>Para llamadas desde el Exterior +54 9 11 4440 3300<\/em><\/li>\n<\/ul>\n<h1>CORREO ELECTR\u00d3NICO<\/h1>\n<ul>\n<li>\n<address><em>cristina@cristinaoleari.com.ar<\/em><\/address>\n<\/li>\n<\/ul>\n","protected":false},"excerpt":{"rendered":"<p>CONSULTORIO A\u00f1asco 2519 Ubicado entre las calles Dr. Adolfo Dickman y Almirante F. J. \u00a0Segu\u00ed, La Paternal Ciudad Aut\u00f3noma de Buenos Aires Argentina Consultorio en Google Maps TEL\u00c9FONO Para llamadas desde Argentina 11 15 4440 3300 Para llamadas desde el Exterior +54 9 11 4440 3300 CORREO ELECTR\u00d3NICO cristina@cristinaoleari.com.ar<\/p>\n","protected":false},"author":1,"featured_media":0,"parent":0,"menu_order":0,"comment_status":"closed","ping_status":"closed","template":"","meta":{"footnotes":""},"class_list":["post-206","page","type-page","status-publish","hentry"],"_links":{"self":[{"href":"https:\/\/www.cristinaoleari.com.ar\/index.php?rest_route=\/wp\/v2\/pages\/206","targetHints":{"allow":["GET"]}}],"collection":[{"href":"https:\/\/www.cristinaoleari.com.ar\/index.php?rest_route=\/wp\/v2\/pages"}],"about":[{"href":"https:\/\/www.cristinaoleari.com.ar\/index.php?rest_route=\/wp\/v2\/types\/page"}],"author":[{"embeddable":true,"href":"https:\/\/www.cristinaoleari.com.ar\/index.php?rest_route=\/wp\/v2\/users\/1"}],"replies":[{"embeddable":true,"href":"https:\/\/www.cristinaoleari.com.ar\/index.php?rest_route=%2Fwp%2Fv2%2Fcomments&post=206"}],"version-history":[{"count":1,"href":"https:\/\/www.cristinaoleari.com.ar\/index.php?rest_route=\/wp\/v2\/pages\/206\/revisions"}],"predecessor-version":[{"id":699,"href":"https:\/\/www.cristinaoleari.com.ar\/index.php?rest_route=\/wp\/v2\/pages\/206\/revisions\/699"}],"wp:attachment":[{"href":"https:\/\/www.cristinaoleari.com.ar\/index.php?rest_route=%2Fwp%2Fv2%2Fmedia&parent=206"}],"curies":[{"name":"wp","href":"https:\/\/api.w.org\/{rel}","templated":true}]}}