{"id":32,"date":"2022-03-02T13:00:00","date_gmt":"2022-03-02T16:00:00","guid":{"rendered":"http:\/\/core2.homeip.net\/wordpress\/?page_id=32"},"modified":"2026-04-26T17:19:45","modified_gmt":"2026-04-26T20:19:45","slug":"presentacion","status":"publish","type":"page","link":"https:\/\/www.cristinaoleari.com.ar\/?page_id=32","title":{"rendered":"Presentaci\u00f3n"},"content":{"rendered":"<div class=\"wp-block-image\">\n<figure class=\"aligncenter\"><a href=\"http:\/\/cristinaoleari.com.ar\/wp-content\/uploads\/2014\/02\/Foto-Cris-de-Presentacion.jpg\"><img loading=\"lazy\" decoding=\"async\" width=\"203\" height=\"284\" src=\"http:\/\/cristinaoleari.com.ar\/wp-content\/uploads\/2014\/02\/Foto-Cris-de-Presentacion.jpg\" alt=\"Prof. Dra. Cristina V. Oleari\" class=\"wp-image-33\"\/><\/a><\/figure>\n<\/div>\n\n\n<figure class=\"wp-block-table\"><table><tbody><tr><td>\n<h1><strong>PROP\u00d3SITOS DEL SITIO<\/strong><\/h1>\n<p style=\"text-align: justify;\">Soy&nbsp;Doctora Kinesi\u00f3loga Fisiatra, egresada de la UBA y desde 1990 con experiencia profesional y docente a nivel superior universitario, habi\u00e9ndome formado en postgrado de Reeducacion Postural, por disc\u00edpulos directos de Madame Mezieres, con el M\u00e9todo de las Tres Escuadras.<\/p>\n<p style=\"text-align: justify;\">El desarrollo de la kinesiolog\u00eda en los \u00faltimos a\u00f1os se ha abierto a distintas orientaciones y especialidades, encontr\u00e1ndonos con pr\u00e1cticas profesionales que si bien han tenido un fuerte desarrollo en el campo kin\u00e9sico se abordan hoy desde perspectivas diferentes que contemplan conceptos globales de la postura y un enfoque antropol\u00f3gico integral del paciente. Este es el caso de la Terap\u00e9utica Postural y de la Kinesiolog\u00eda en Ortopedia y Traumatolog\u00eda, (\u00e1reas en las que me especializo) y cuya formaci\u00f3n fue construida a trav\u00e9s de la experiencia profesional, la capacitaci\u00f3n con profesionales tanto extranjeros como argentinos y el acercamiento comprensivo a literatura cient\u00edfica internacional.<\/p>\n<p style=\"text-align: justify;\">Esta presentaci\u00f3n me sirve para acercarme a usted, a trav\u00e9s de este medio, para brindar informaci\u00f3n referente a este M\u00e9todo de Reeducaci\u00f3n Postural, proporcionar un espacio de actualizaci\u00f3n permanente, aportar una gu\u00eda para quienes quieran sondear sobre este \u00e1rea de la postura, su prevenci\u00f3n, la ergonom\u00eda y aquellas disciplinas conexas, generar un espacio de intercambio para con mis colegas y profesionales, como as\u00ed tambi\u00e9n, aumentar las posibilidades de contacto y profundizaci\u00f3n de contenidos con mis alumnos universitarios.<\/p>\n<p style=\"text-align: justify;\">Quedo, pues, &nbsp;a disposici\u00f3n para cualquier consulta, dejando las puertas abiertas para el contacto.<\/p>\n<\/td><\/tr><tr><td> <h2 style=\"text-align: justify;\">CURRICULUM VITAE<\/h2><p>(Breve)<\/p><\/td><\/tr><\/tbody><\/table><\/figure>\n\n\n\n<ul class=\"wp-block-list\">\n<li><strong>DOCTORADO UNIVERSIDAD DE BUENOS AIRES<\/strong>, FACULTAD DE MEDICINA, \u00c1REA Kinesiolog\u00eda y Fisiatr\u00eda. Tema de la Tesis: M\u00e9todo de las Tres Escuadras \u2013 M\u00e9todo de Reeducaci\u00f3n Postural con Abordaje Global. <\/li>\n<\/ul>\n\n\n\n<ul class=\"wp-block-list\">\n<li><strong>PROFESORA TITULAR REGULAR<\/strong> C\u00e1tedra De Biomec\u00e1nica y Anatom\u00eda Funcional. Facultad De Medicina, Universidad De Buenos Aires<\/li>\n<\/ul>\n\n\n\n<ul class=\"wp-block-list\">\n<li><strong>DIRECTORA Y DISERTANTE DE FORMACI\u00d3N DE POSTGRADO<\/strong> del &#8220;CURSO ANUAL DE REEDUCACION POSTURAL CON ABORDAJE GLOBAL Y CADENAS MUSCULARES CRUZADAS&#8221;, en: Buenos Aires, Corrientes, Rosario. Santa Fe, San Salvador de Jujuy, Resistencia, Comodoro Rivadavia y Asunci\u00f3n Rca. del Paraguay<\/li>\n<\/ul>\n\n\n\n<ul class=\"wp-block-list\">\n<li><strong>JEFE DE TRABAJOS PR\u00c1CTICOS<\/strong> C\u00e1tedra de Anatom\u00eda. Carrera de Kinesiolog\u00eda y Fisiatr\u00eda. Facultad de Medicina Universidad de Buenos Aires<\/li>\n<\/ul>\n\n\n\n<ul class=\"wp-block-list\">\n<li><strong>INVESTIGADORA EN EQUIPO INTERDISCIPLINARIO <\/strong>DEL LABORATORIO DE BIOMEC\u00c1NICA E INGENIER\u00cdA EN SALUD (LABIS). UCA<\/li>\n<\/ul>\n\n\n\n<ul class=\"wp-block-list\">\n<li><strong>DIRECTORA DIPLOMATURA<\/strong> EN BIOMEC\u00c1NICA CL\u00cdNICA \u2013 de la teor\u00eda a la pr\u00e1ctica \u2013. UNIVERSIDAD FAVALORO<\/li>\n<\/ul>\n\n\n\n<ul class=\"wp-block-list\">\n<li><strong>CONSULTORIO DE KINESIOLOG\u00cdA Y FISIATR\u00cdA<\/strong>: Kinesiolog\u00eda en Ortopedia, Traumatolog\u00eda y Tratamiento, REEDUCACION POSTURAL GLOBAL &#8220;TRES ESCUADRAS&#8221;.<\/li>\n<\/ul>\n\n\n\n<p><a href=\"https:\/\/www.cristinaoleari.com.ar\/wp-content\/uploads\/2026\/04\/2026-CV-OLEARI-C-breve.pdf\" target=\"_blank\" rel=\"noreferrer noopener\">Acceder al CV breve y completo en este link<\/a><\/p>\n","protected":false},"excerpt":{"rendered":"<p>PROP\u00d3SITOS DEL SITIO Soy&nbsp;Doctora Kinesi\u00f3loga Fisiatra, egresada de la UBA y desde 1990 con experiencia profesional y docente a nivel superior universitario, habi\u00e9ndome formado en postgrado de Reeducacion Postural, por disc\u00edpulos directos de Madame Mezieres, con el M\u00e9todo de las Tres Escuadras. El desarrollo de la kinesiolog\u00eda en los \u00faltimos a\u00f1os se ha abierto a &hellip; <a href=\"https:\/\/www.cristinaoleari.com.ar\/?page_id=32\" class=\"more-link\">Continu\u00e1 leyendo <span class=\"screen-reader-text\">Presentaci\u00f3n<\/span><\/a><\/p>\n","protected":false},"author":1,"featured_media":0,"parent":0,"menu_order":0,"comment_status":"closed","ping_status":"closed","template":"","meta":{"footnotes":""},"class_list":["post-32","page","type-page","status-publish","hentry"],"_links":{"self":[{"href":"https:\/\/www.cristinaoleari.com.ar\/index.php?rest_route=\/wp\/v2\/pages\/32","targetHints":{"allow":["GET"]}}],"collection":[{"href":"https:\/\/www.cristinaoleari.com.ar\/index.php?rest_route=\/wp\/v2\/pages"}],"about":[{"href":"https:\/\/www.cristinaoleari.com.ar\/index.php?rest_route=\/wp\/v2\/types\/page"}],"author":[{"embeddable":true,"href":"https:\/\/www.cristinaoleari.com.ar\/index.php?rest_route=\/wp\/v2\/users\/1"}],"replies":[{"embeddable":true,"href":"https:\/\/www.cristinaoleari.com.ar\/index.php?rest_route=%2Fwp%2Fv2%2Fcomments&post=32"}],"version-history":[{"count":5,"href":"https:\/\/www.cristinaoleari.com.ar\/index.php?rest_route=\/wp\/v2\/pages\/32\/revisions"}],"predecessor-version":[{"id":980,"href":"https:\/\/www.cristinaoleari.com.ar\/index.php?rest_route=\/wp\/v2\/pages\/32\/revisions\/980"}],"wp:attachment":[{"href":"https:\/\/www.cristinaoleari.com.ar\/index.php?rest_route=%2Fwp%2Fv2%2Fmedia&parent=32"}],"curies":[{"name":"wp","href":"https:\/\/api.w.org\/{rel}","templated":true}]}}