{"id":39,"date":"2014-02-04T16:01:11","date_gmt":"2014-02-04T19:01:11","guid":{"rendered":"http:\/\/core2.homeip.net\/wordpress\/?page_id=39"},"modified":"2023-02-11T10:56:43","modified_gmt":"2023-02-11T13:56:43","slug":"inicio","status":"publish","type":"page","link":"https:\/\/www.cristinaoleari.com.ar\/","title":{"rendered":"Prof. Dra. Cristina Oleari"},"content":{"rendered":"\n<h2 class=\"wp-block-heading\">Kinesi\u00f3loga Fisiatra<br>UBA (MN 4316)<\/h2>\n\n\n<p style=\"text-align: center;\">Tesis doctoral titulada\u00a0<em>\u201cM\u00e9todo de las Tres Escuadras \u2013 M\u00e9todo de Reeducaci\u00f3n Postural con Abordaje Global Mezierista:\u00a0fundamentos te\u00f3ricos cient\u00edficos \u2013 t\u00e9cnicos, sistematizaci\u00f3n de la evaluaci\u00f3n, evoluci\u00f3n y resultados del tratamiento\u201d<\/em><\/p>\n<p style=\"text-align: center;\"><a href=\"http:\/\/cristinaoleari..com.ar\/wp-content\/uploads\/2014\/02\/Tres-Escuadras-50.jpg\"><img loading=\"lazy\" decoding=\"async\" class=\"aligncenter wp-image-20 size-medium\" src=\"http:\/\/cristinaoleari.com.ar\/wp-content\/uploads\/2014\/02\/Tres-Escuadras-50-300x116.jpg\" alt=\"Tres Escuadras - 50\" width=\"300\" height=\"116\" srcset=\"https:\/\/www.cristinaoleari.com.ar\/wp-content\/uploads\/2014\/02\/Tres-Escuadras-50-300x116.jpg 300w, https:\/\/www.cristinaoleari.com.ar\/wp-content\/uploads\/2014\/02\/Tres-Escuadras-50.jpg 638w\" sizes=\"auto, (max-width: 300px) 100vw, 300px\" \/><\/a><\/p>\n<ul>\n<li>Dra. Kinesi\u00f3loga Fisiatra con Tesis Doctoral en ese \u00e1rea de la Facultad de Medicina, UBA.<\/li>\n<li>Profesora Titular C\u00e1tedra de Biomec\u00e1nica y Anatom\u00eda Funcional. Licenciatura en Kinesiolog\u00eda y Fisiatr\u00eda. Facultad Medicina, UBA.<\/li>\n<li>Docencia de grado y postgrado en anatom\u00eda, investigaci\u00f3n y preparados en material cadav\u00e9rico.<\/li>\n<li>Docencia de grado y postgrado e investigaci\u00f3n nacional e internacional en biomec\u00e1nica, anatom\u00eda funcional, ergonom\u00eda y postura.<\/li>\n<li>Tratamientos de Reeducaci\u00f3n Postural Global Mezierista \u2013 M\u00e9todo Tres Escuadras.<\/li>\n<li>Cursos de formaci\u00f3n de postgrado en Reeducaci\u00f3n postural con abordaje global nacional e internacional (dependientes de universidades, colegiaturas y\/o servicios hospitalarios).<\/li>\n<li>Participante evaluador de CONEAU.<\/li>\n<li>Integrante equipo interdisciplinario investigador LABIS UCA (Laboratorio de Biomec\u00e1nica e Ingenier\u00eda para la Salud).<\/li>\n<li>Docente Universitaria de Anatom\u00eda, Biomec\u00e1nica y Postura<\/li>\n<li>Tratamientos en equipo interdisciplinario entre postura, odontolog\u00eda, osteopat\u00eda y fonoaudiolog\u00eda.<\/li>\n<\/ul>\n<p><a title=\"Informaci\u00f3n de Contacto\" href=\"http:\/\/cristinaoleari.com.ar\/?page_id=206\">Cont\u00e1cteme<\/a><\/p>\n<p><a title=\"Novedades\" href=\"http:\/\/cristinaoleari.com.ar\/?page_id=306\">Novedades<\/a><\/p>","protected":false},"excerpt":{"rendered":"<p>Kinesi\u00f3loga FisiatraUBA (MN 4316) Tesis doctoral titulada\u00a0\u201cM\u00e9todo de las Tres Escuadras \u2013 M\u00e9todo de Reeducaci\u00f3n Postural con Abordaje Global Mezierista:\u00a0fundamentos te\u00f3ricos cient\u00edficos \u2013 t\u00e9cnicos, sistematizaci\u00f3n de la evaluaci\u00f3n, evoluci\u00f3n y resultados del tratamiento\u201d Dra. Kinesi\u00f3loga Fisiatra con Tesis Doctoral en ese \u00e1rea de la Facultad de Medicina, UBA. Profesora Titular C\u00e1tedra de Biomec\u00e1nica y Anatom\u00eda &hellip; <a href=\"https:\/\/www.cristinaoleari.com.ar\/\" class=\"more-link\">Continu\u00e1 leyendo <span class=\"screen-reader-text\">Prof. Dra. Cristina Oleari<\/span><\/a><\/p>\n","protected":false},"author":1,"featured_media":0,"parent":0,"menu_order":0,"comment_status":"closed","ping_status":"closed","template":"","meta":{"footnotes":""},"class_list":["post-39","page","type-page","status-publish","hentry"],"_links":{"self":[{"href":"https:\/\/www.cristinaoleari.com.ar\/index.php?rest_route=\/wp\/v2\/pages\/39","targetHints":{"allow":["GET"]}}],"collection":[{"href":"https:\/\/www.cristinaoleari.com.ar\/index.php?rest_route=\/wp\/v2\/pages"}],"about":[{"href":"https:\/\/www.cristinaoleari.com.ar\/index.php?rest_route=\/wp\/v2\/types\/page"}],"author":[{"embeddable":true,"href":"https:\/\/www.cristinaoleari.com.ar\/index.php?rest_route=\/wp\/v2\/users\/1"}],"replies":[{"embeddable":true,"href":"https:\/\/www.cristinaoleari.com.ar\/index.php?rest_route=%2Fwp%2Fv2%2Fcomments&post=39"}],"version-history":[{"count":5,"href":"https:\/\/www.cristinaoleari.com.ar\/index.php?rest_route=\/wp\/v2\/pages\/39\/revisions"}],"predecessor-version":[{"id":821,"href":"https:\/\/www.cristinaoleari.com.ar\/index.php?rest_route=\/wp\/v2\/pages\/39\/revisions\/821"}],"wp:attachment":[{"href":"https:\/\/www.cristinaoleari.com.ar\/index.php?rest_route=%2Fwp%2Fv2%2Fmedia&parent=39"}],"curies":[{"name":"wp","href":"https:\/\/api.w.org\/{rel}","templated":true}]}}