{"id":83,"date":"2014-02-13T20:27:36","date_gmt":"2014-02-13T23:27:36","guid":{"rendered":"http:\/\/core2.homeip.net\/wordpress\/?page_id=83"},"modified":"2026-04-26T17:29:19","modified_gmt":"2026-04-26T20:29:19","slug":"articulos-y-publicaciones","status":"publish","type":"page","link":"https:\/\/www.cristinaoleari.com.ar\/?page_id=83","title":{"rendered":"Art\u00edculos y Publicaciones"},"content":{"rendered":"\n<h2 class=\"wp-block-heading\">Art\u00edculos Cient\u00edficos<\/h2>\n\n\n\n<ul class=\"wp-block-list\">\n<li><a href=\"https:\/\/www.cristinaoleari.com.ar\/?page_id=69&#x2197;\" data-type=\"page\" data-id=\"811\" target=\"_blank\" rel=\"noreferrer noopener\"><strong><em>Historia de la Kinesiolog\u00eda Cient\u00edfica<\/em>. <\/strong>Per\u00edodo Universitario (UBA). 1997.<\/a><\/li>\n\n\n\n<li><a rel=\"noreferrer noopener\" href=\"https:\/\/www.cristinaoleari.com.ar\/wp-content\/uploads\/2023\/02\/1997-Monografia-Antropologia-medica-Somos-mas-que-la-suma-de-las-partes.pdf\" data-type=\"URL\" data-id=\"https:\/\/www.cristinaoleari.com.ar\/wp-content\/uploads\/2023\/02\/1997-Monografia-Antropologia-medica-Somos-mas-que-la-suma-de-las-partes.pdf\" target=\"_blank\"><em><strong>Nuestro Cuerpo es m\u00e1s que la suma de las partes. <\/strong><\/em>Abordaje del paciente en globalidad en el tratamiento kinesiol\u00f3gico. 1997.<\/a><\/li>\n\n\n\n<li><a rel=\"noreferrer noopener\" href=\"https:\/\/www.cristinaoleari.com.ar\/wp-content\/uploads\/2023\/02\/SAO-2004-ARTICULO-PUBLICADO-EN-REVISTA-DE-SAO.pdf\" target=\"_blank\"><em><strong>Programa de atenci\u00f3n interdisciplinaria del ni\u00f1o con alteraci\u00f3n de la oclusi\u00f3n<\/strong><\/em>.  Sociedad Argentina de Ortodoncia. 2004.<\/a><\/li>\n\n\n\n<li><a href=\"https:\/\/www.cristinaoleari.com.ar\/wp-content\/uploads\/2023\/02\/2009-2011-UAI-Catedra-Biomecanica-RESUMEN-EVALUACIONES-POSTURALES-FUTBOLISTAS.pdf\" data-type=\"URL\" data-id=\"https:\/\/www.cristinaoleari.com.ar\/wp-content\/uploads\/2023\/02\/2009-2011-UAI-Catedra-Biomecanica-RESUMEN-EVALUACIONES-POSTURALES-FUTBOLISTAS.pdf\" target=\"_blank\" rel=\"noreferrer noopener\"><em><strong>Detecci\u00f3n precoz de los desv\u00edos m\u00ednimos en la alineaci\u00f3n postural, en la flexibilidad y en las evaluaciones semiol\u00f3gicas morfo-funcionales del aparato locomotor, en ni\u00f1os y adolescentes deportistas. <\/strong><\/em>C\u00e1tedra de Anatom\u00eda Funcional y Biomec\u00e1nica &#8211; UAI. 2009-2011.<\/a><\/li>\n\n\n\n<li><a rel=\"noreferrer noopener\" href=\"https:\/\/www.cristinaoleari.com.ar\/wp-content\/uploads\/2023\/02\/2011-Resumen-Tesis-Doctorado-UBA-Oleari.pdf\" data-type=\"URL\" data-id=\"https:\/\/www.cristinaoleari.com.ar\/wp-content\/uploads\/2023\/02\/2011-Resumen-Tesis-Doctorado-UBA-Oleari.pdf\" target=\"_blank\"><em><strong>Resumen de Tesis de Doctorado, Prof. Dra. Kinesi\u00f3loga Fisiatra Cristina V. Oleari:<\/strong> M\u00e9todo de las Tres Escuadras &#8211; M\u00e9todo de Reeducaci\u00f3n Postural con Abordaje Global Mezierista: fundamentos te\u00f3ricos cient\u00edficos \u2013 t\u00e9cnicos, sistematizaci\u00f3n de la evaluaci\u00f3n, evoluci\u00f3n y resultados del tratamiento<\/em>. UBA 2011<\/a><\/li>\n\n\n\n<li><a rel=\"noreferrer noopener\" href=\"https:\/\/www.cristinaoleari.com.ar\/wp-content\/uploads\/2023\/02\/SABI-2020-Escoliosis-en-el-adulto-mayor-seguimiento-largo-plazo.pdf\" data-type=\"URL\" data-id=\"https:\/\/www.cristinaoleari.com.ar\/wp-content\/uploads\/2023\/02\/SABI-2020-Escoliosis-en-el-adulto-mayor-seguimiento-largo-plazo.pdf\" target=\"_blank\"><strong><em>Escoliosis en el adulto mayor: seguimiento a largo plazo. <\/em><\/strong>SABI 2020.<\/a><\/li>\n\n\n\n<li><a rel=\"noreferrer noopener\" href=\"https:\/\/www.cristinaoleari.com.ar\/wp-content\/uploads\/2023\/02\/RAFA-2021-Biomecanica-y-biotensegridad-en-el-modelado-articular.pdf\" data-type=\"URL\" data-id=\"https:\/\/www.cristinaoleari.com.ar\/wp-content\/uploads\/2023\/02\/RAFA-2021-Biomecanica-y-biotensegridad-en-el-modelado-articular.pdf\" target=\"_blank\"><strong><em>Biomec\u00e1nica y biotensegridad en el modelado articular.<\/em><\/strong> RAFA 2021.<\/a><\/li>\n\n\n\n<li><a href=\"https:\/\/www.cristinaoleari.com.ar\/wp-content\/uploads\/2025\/01\/2024-Biomechanics-Tensegrity-and-Biotensegrity-in-Joint-Modeling.pdf\" target=\"_blank\" rel=\"noreferrer noopener\"><strong>Biomechanics, Tensegrity and Biotensegrity in Joint Modeling<\/strong>. SABI 2023<\/a><\/li>\n\n\n\n<li><a href=\"https:\/\/www.cristinaoleari.com.ar\/wp-content\/uploads\/2025\/01\/2024-Automation-of-Measurements-for-Digital-Posturography-in-a-Standing-Position.pdf\" target=\"_blank\" rel=\"noreferrer noopener\"><strong>Automation of Measurements for Digital Posturography in a Standing Position: Software EPPA!<\/strong>. SABI 2023<\/a><\/li>\n\n\n\n<li><a href=\"https:\/\/www.cristinaoleari.com.ar\/wp-content\/uploads\/2025\/01\/2024-CAEM-Resumen-Perfil-sociodemografico-comparativo-2002-2012-2022-estudiantes-anatomia-KinesioUBA.pdf\" target=\"_blank\" rel=\"noreferrer noopener\"><strong>Perfil sociodemogr\u00e1fico comparativo 2002\/2012\/2022 de los estudiantes de Anatom\u00eda de la Carrera de Kinesiolog\u00eda y Fisiatr\u00eda de la UBA<\/strong>. CAEM 2024<\/a><\/li>\n\n\n\n<li><a rel=\"noreferrer noopener\" href=\"https:\/\/www.cristinaoleari.com.ar\/wp-content\/uploads\/2025\/01\/2024-FADU-UBA-Abstract-Exoesqueletos-en-la-industria-avances-desafios-y-perspectivas-futuras.pdf\" target=\"_blank\"><strong>Exoesqueletos en la industria: avances, desaf\u00edos y perspectivas futuras.<\/strong> FADU SI+ 2024<\/a><\/li>\n\n\n\n<li><a href=\"https:\/\/www.cristinaoleari.com.ar\/wp-content\/uploads\/2025\/01\/2024-FADU-UBA-Biomecanica-y-biotensegridad-Hacia-una-nueva-comprension-del-movimiento-humano.pdf\" target=\"_blank\" rel=\"noreferrer noopener\"><strong>Biomec\u00e1nica y biotensegridad: \u00bfHacia una nueva comprensi\u00f3n del movimiento humano? <\/strong>FADU SI+ 2024<\/a><\/li>\n\n\n\n<li><a href=\"https:\/\/www.cristinaoleari.com.ar\/wp-content\/uploads\/2026\/04\/2025-A-Protocol-Test-Passive-Mobile-Back-Exoskeletons-SABI.pdf\" target=\"_blank\" rel=\"noreferrer noopener\"><strong>A Protocol Test Passive Mobile Back Exoskeletons<\/strong>. SABI 2025<\/a><\/li>\n\n\n\n<li><a href=\"https:\/\/www.cristinaoleari.com.ar\/wp-content\/uploads\/2026\/04\/2025-Correlation-between-postural-and-radiological-sign-in-the-assesment-of-scoliosis-SABI.pdf\" target=\"_blank\" rel=\"noreferrer noopener\"><strong>Correlation between postural and radiological sign in the assesment of scoliosis<\/strong>. SABI 2025<\/a><\/li>\n\n\n\n<li><a href=\"https:\/\/www.cristinaoleari.com.ar\/wp-content\/uploads\/2026\/04\/2025-Exoesqueletos-y-postura-aportes-del-escaneo-3D-FADU-UBA-SI.pdf\" target=\"_blank\" rel=\"noreferrer noopener\"><strong>Exoesqueletos y postura aportes del escaneo 3D.<\/strong> FADU UBA SI+ 2025<\/a><\/li>\n\n\n\n<li><a href=\"https:\/\/www.cristinaoleari.com.ar\/wp-content\/uploads\/2026\/04\/2025-La-investigacion-en-tensegridad-y-biotensegridad-Castro-Arenas-et-al-FADU-UBA-SI.pdf\" target=\"_blank\" rel=\"noreferrer noopener\"><strong>La investigaci\u00f3n en tensegridad y biotensegridad<\/strong>. FADU UBA SI+ 2025<\/a><\/li>\n\n\n\n<li><a href=\"https:\/\/www.cristinaoleari.com.ar\/wp-content\/uploads\/2026\/04\/2025-Optimisation-and-Evaluation-from-the-Users-Perspective-of-the-Software-EPPA-SABI.pdf\" target=\"_blank\" rel=\"noreferrer noopener\"><strong>Optimisation and Evaluation from the User\u2019s Perspective of the Software EPPA<\/strong>. SABI 2025<\/a><\/li>\n\n\n\n<li><a href=\"https:\/\/www.cristinaoleari.com.ar\/wp-content\/uploads\/2026\/04\/2025-Validation-of-the-EPPA-Software-for-Automated-Posturographic-Assessment-in-the-Standing-Position-SABI.pdf\" target=\"_blank\" rel=\"noreferrer noopener\"><strong>Validation of the EPPA-Software for Automated Posturographic Assessment in the Standing Position<\/strong>. SABI 2025<\/a><\/li>\n<\/ul>\n\n\n\n<hr class=\"wp-block-separator has-alpha-channel-opacity\"\/>\n\n\n\n<h2 class=\"wp-block-heading\">Art\u00edculos de Divulgaci\u00f3n<\/h2>\n\n\n\n<ul class=\"wp-block-list\">\n<li><a href=\"https:\/\/www.cristinaoleari.com.ar\/wp-content\/uploads\/2023\/02\/2013-Las-malas-posturas-en-los-ninos.pdf\" data-type=\"URL\" data-id=\"https:\/\/www.cristinaoleari.com.ar\/wp-content\/uploads\/2023\/02\/2013-Las-malas-posturas-en-los-ninos.pdf\" target=\"_blank\" rel=\"noreferrer noopener\">2013 &#8211; Las malas posturas en los ni\u00f1os<\/a><\/li>\n\n\n\n<li><strong>REVISTA DEL COLEGIO DE KINESI\u00d3LOGOS DE ROSARIO<\/strong>\n<ul class=\"wp-block-list\">\n<li><a rel=\"noreferrer noopener\" href=\"https:\/\/www.cristinaoleari.com.ar\/wp-content\/uploads\/2023\/02\/2010-Revista-Colegio-Rosario-METODO-TRES-ESCUADRAS.pdf\" data-type=\"URL\" data-id=\"https:\/\/www.cristinaoleari.com.ar\/wp-content\/uploads\/2023\/02\/2010-Revista-Colegio-Rosario-METODO-TRES-ESCUADRAS.pdf\" target=\"_blank\">2010 &#8211; M\u00c9TODO DE LAS TRES ESCUADRAS<\/a><\/li>\n\n\n\n<li><a rel=\"noreferrer noopener\" href=\"https:\/\/www.cristinaoleari.com.ar\/wp-content\/uploads\/2023\/02\/2016-REVISTA-COLEGIO-KINESIOLOGOS-ROSARIO-REEDUCACION-POSTURAL-CON-ABORDAJE-GLOBAL-FILOGENIA-DE-LA-POSTURA-Y-ERGONOMIA.pdf\" data-type=\"URL\" data-id=\"https:\/\/www.cristinaoleari.com.ar\/wp-content\/uploads\/2023\/02\/2016-REVISTA-COLEGIO-KINESIOLOGOS-ROSARIO-REEDUCACION-POSTURAL-CON-ABORDAJE-GLOBAL-FILOGENIA-DE-LA-POSTURA-Y-ERGONOMIA.pdf\" target=\"_blank\">2016 &#8211; REEDUCACI\u00d3N POSTURAL CON ABORDAJE GLOBAL, FILOGENIA DE LA POSTURA Y ERGONOM\u00cdA<\/a><\/li>\n\n\n\n<li><a rel=\"noreferrer noopener\" href=\"https:\/\/www.cristinaoleari.com.ar\/wp-content\/uploads\/2023\/02\/2018-REVISTA-COLEGIO-KINESIOLOGOS-ROSARIO-POSTURA-FASCIAS-PINE.pdf\" data-type=\"URL\" data-id=\"https:\/\/www.cristinaoleari.com.ar\/wp-content\/uploads\/2023\/02\/2018-REVISTA-COLEGIO-KINESIOLOGOS-ROSARIO-POSTURA-FASCIAS-PINE.pdf\" target=\"_blank\">2018 &#8211; POSTURA FASCIAS PINE<\/a><\/li>\n<\/ul>\n<\/li>\n\n\n\n<li><strong>REVISTA KINE<\/strong>: <a href=\"http:\/\/www.revistakine.com.ar\" target=\"_blank\" rel=\"noreferrer noopener\">LINK A LA P\u00c1GINA<\/a> \n\n\n\n\n\n\n<ul class=\"wp-block-list\">\n<li><a rel=\"noreferrer noopener\" href=\"https:\/\/www.cristinaoleari.com.ar\/wp-content\/uploads\/2023\/02\/KINE-121-Oleari-2016-FASCIAS-I-TRATAMIENTOS-GLOBALES-Y-LA-CONTINUIDAD-FASCIAL.pdf\" data-type=\"URL\" data-id=\"https:\/\/www.cristinaoleari.com.ar\/wp-content\/uploads\/2023\/02\/KINE-121-Oleari-2016-FASCIAS-I-TRATAMIENTOS-GLOBALES-Y-LA-CONTINUIDAD-FASCIAL.pdf\" target=\"_blank\">121 &#8211; 2016 &#8211; FASCIAS I &#8211; Tratamientos globales de la continuidad fascial<\/a><\/li>\n\n\n\n<li><a rel=\"noreferrer noopener\" href=\"https:\/\/www.cristinaoleari.com.ar\/wp-content\/uploads\/2023\/02\/KINE-122-Oleari-2016-FASCIAS-II-FASCIA-TORACOLUMBAR.pdf\" data-type=\"URL\" data-id=\"https:\/\/www.cristinaoleari.com.ar\/wp-content\/uploads\/2023\/02\/KINE-122-Oleari-2016-FASCIAS-II-FASCIA-TORACOLUMBAR.pdf\" target=\"_blank\">122 &#8211; 2016 &#8211; FASCIAS II &#8211; Fascia toracolumbar<\/a><\/li>\n\n\n\n<li><a rel=\"noreferrer noopener\" href=\"https:\/\/www.cristinaoleari.com.ar\/wp-content\/uploads\/2023\/02\/KINE-123-Oleari-2016-FASCIAS-III-FASCIA-ILIOTIBIAL.pdf\" data-type=\"URL\" data-id=\"https:\/\/www.cristinaoleari.com.ar\/wp-content\/uploads\/2023\/02\/KINE-123-Oleari-2016-FASCIAS-III-FASCIA-ILIOTIBIAL.pdf\" target=\"_blank\">123 &#8211; 2016 &#8211; FASCIAS III &#8211; Fascia iliotibial<\/a><\/li>\n\n\n\n<li><a rel=\"noreferrer noopener\" href=\"https:\/\/www.cristinaoleari.com.ar\/wp-content\/uploads\/2023\/02\/KINE-124-Oleari-2016-FASCIAS-IV-Tendon-dentro-de-las-cadenas-miofasciales.pdf\" data-type=\"URL\" data-id=\"https:\/\/www.cristinaoleari.com.ar\/wp-content\/uploads\/2023\/02\/KINE-124-Oleari-2016-FASCIAS-IV-Tendon-dentro-de-las-cadenas-miofasciales.pdf\" target=\"_blank\">124 &#8211; 2016 &#8211; FASCIAS IV &#8211; Tend\u00f3n dentro de las cadenas miofasciales<\/a><\/li>\n\n\n\n<li><a rel=\"noreferrer noopener\" href=\"https:\/\/www.cristinaoleari.com.ar\/wp-content\/uploads\/2023\/02\/KINE-125-Oleari-2016-FASCIAS-V-Tendon-de-Aquiles-y-fascia-plantar.pdf\" data-type=\"URL\" data-id=\"https:\/\/www.cristinaoleari.com.ar\/wp-content\/uploads\/2023\/02\/KINE-125-Oleari-2016-FASCIAS-V-Tendon-de-Aquiles-y-fascia-plantar.pdf\" target=\"_blank\">125 &#8211; 2016 &#8211; FASCIAS V &#8211; Tend\u00f3n de Aquiles y fascia plantar<\/a><\/li>\n\n\n\n<li><a rel=\"noreferrer noopener\" href=\"https:\/\/www.cristinaoleari.com.ar\/wp-content\/uploads\/2023\/02\/KINE-126-Oleari-2017-CADENAS-MIOFASCIALES-LOS-ABDOMINALES.pdf\" data-type=\"URL\" data-id=\"https:\/\/www.cristinaoleari.com.ar\/wp-content\/uploads\/2023\/02\/KINE-126-Oleari-2017-CADENAS-MIOFASCIALES-LOS-ABDOMINALES.pdf\" target=\"_blank\">126 &#8211; 2017 &#8211; Cadenas Miofasciales &#8211; Los abdominales<\/a><\/li>\n\n\n\n<li><a rel=\"noreferrer noopener\" href=\"https:\/\/www.cristinaoleari.com.ar\/wp-content\/uploads\/2023\/02\/KINE-127-Oleari-2017-CADENAS-MIOFASCIALES-PSOASILIACO.pdf\" data-type=\"URL\" data-id=\"https:\/\/www.cristinaoleari.com.ar\/wp-content\/uploads\/2023\/02\/KINE-127-Oleari-2017-CADENAS-MIOFASCIALES-PSOASILIACO.pdf\" target=\"_blank\">127 &#8211; 2017 &#8211; Cadenas Miofasciales &#8211; Psoasil\u00edaco<\/a><\/li>\n\n\n\n<li><a rel=\"noreferrer noopener\" href=\"https:\/\/www.cristinaoleari.com.ar\/wp-content\/uploads\/2023\/02\/KINE-128-Oleari-2017-CADENAS-MIOFASCIALES-DIAFRAGMA.pdf\" data-type=\"URL\" data-id=\"https:\/\/www.cristinaoleari.com.ar\/wp-content\/uploads\/2023\/02\/KINE-128-Oleari-2017-CADENAS-MIOFASCIALES-DIAFRAGMA.pdf\" target=\"_blank\">128 &#8211; 2017 &#8211; Cadenas Miofasciales &#8211; Dia<\/a><a rel=\"noreferrer noopener\" href=\"https:\/\/www.cristinaoleari.com.ar\/wp-content\/uploads\/2023\/02\/KINE-128-Oleari-2017-CADENAS-MIOFASCIALES-DIAFRAGMA.pdf\" data-type=\"URL\" data-id=\"https:\/\/www.cristinaoleari.com.ar\/wp-content\/uploads\/2023\/02\/KINE-128-Oleari-2017-CADENAS-MIOFASCIALES-DIAFRAGMA.pdf\" target=\"_blank\">f<\/a><a rel=\"noreferrer noopener\" href=\"https:\/\/www.cristinaoleari.com.ar\/wp-content\/uploads\/2023\/02\/KINE-128-Oleari-2017-CADENAS-MIOFASCIALES-DIAFRAGMA.pdf\" data-type=\"URL\" data-id=\"https:\/\/www.cristinaoleari.com.ar\/wp-content\/uploads\/2023\/02\/KINE-128-Oleari-2017-CADENAS-MIOFASCIALES-DIAFRAGMA.pdf\" target=\"_blank\">ragma<\/a><\/li>\n\n\n\n<li><a rel=\"noreferrer noopener\" href=\"https:\/\/www.cristinaoleari.com.ar\/wp-content\/uploads\/2023\/02\/KINE-129-Oleari-2017-CADENAS-MIOFASCIALES-CUADRADO-LUMBAR.pdf\" data-type=\"URL\" data-id=\"https:\/\/www.cristinaoleari.com.ar\/wp-content\/uploads\/2023\/02\/KINE-129-Oleari-2017-CADENAS-MIOFASCIALES-CUADRADO-LUMBAR.pdf\" target=\"_blank\">129 &#8211; 2017 &#8211; Cadenas Miofasciales &#8211; Cuadrado lumbar<\/a><\/li>\n\n\n\n<li><a rel=\"noreferrer noopener\" href=\"https:\/\/www.cristinaoleari.com.ar\/wp-content\/uploads\/2023\/02\/KINE-130-Oleari-2017-CADENAS-MIOFASCIALES-SUELO-PELVICO.pdf\" data-type=\"URL\" data-id=\"https:\/\/www.cristinaoleari.com.ar\/wp-content\/uploads\/2023\/02\/KINE-130-Oleari-2017-CADENAS-MIOFASCIALES-SUELO-PELVICO.pdf\" target=\"_blank\">130 &#8211; 2017 &#8211; Cadenas Miofasciales &#8211; Suelo p\u00e9lvico<\/a><\/li>\n\n\n\n<li><a rel=\"noreferrer noopener\" href=\"https:\/\/www.cristinaoleari.com.ar\/wp-content\/uploads\/2023\/02\/KINE-131-Oleari-2018-CADENAS-MIOFASCIALES-ESPINALES.pdf\" data-type=\"URL\" data-id=\"https:\/\/www.cristinaoleari.com.ar\/wp-content\/uploads\/2023\/02\/KINE-131-Oleari-2018-CADENAS-MIOFASCIALES-ESPINALES.pdf\" target=\"_blank\">131 &#8211; 2018 &#8211; Cadenas Miofasciales &#8211; Espinales<\/a><\/li>\n\n\n\n<li><a rel=\"noreferrer noopener\" href=\"https:\/\/www.cristinaoleari.com.ar\/wp-content\/uploads\/2023\/02\/KINE-132-Oleari-2018-CADENAS-MIOFASCIALES-La-respiracion-una-funcion-hegemonica.pdf\" data-type=\"URL\" data-id=\"https:\/\/www.cristinaoleari.com.ar\/wp-content\/uploads\/2023\/02\/KINE-132-Oleari-2018-CADENAS-MIOFASCIALES-La-respiracion-una-funcion-hegemonica.pdf\" target=\"_blank\">132 &#8211; 2018 &#8211; Cadenas Miofasciales &#8211; La respiraci\u00f3n, una funci\u00f3n hegem\u00f3nica<\/a><\/li>\n\n\n\n<li><a rel=\"noreferrer noopener\" href=\"https:\/\/www.cristinaoleari.com.ar\/wp-content\/uploads\/2023\/02\/KINE-133-Oleari-2018-CADENAS-MIOFASCIALES-DEL-MIEMBRO-INFERIOR.pdf\" data-type=\"URL\" data-id=\"https:\/\/www.cristinaoleari.com.ar\/wp-content\/uploads\/2023\/02\/KINE-133-Oleari-2018-CADENAS-MIOFASCIALES-DEL-MIEMBRO-INFERIOR.pdf\" target=\"_blank\">133 &#8211; 2018 &#8211; Cadenas Miofasciales del miembro inferior<\/a><\/li>\n\n\n\n<li><a rel=\"noreferrer noopener\" href=\"https:\/\/www.cristinaoleari.com.ar\/wp-content\/uploads\/2023\/02\/KINE-134-Oleari-2018-CADENAS-MIOFASCIALES-DEL-MIEMBRO-SUPERIOR.pdf\" data-type=\"URL\" data-id=\"https:\/\/www.cristinaoleari.com.ar\/wp-content\/uploads\/2023\/02\/KINE-134-Oleari-2018-CADENAS-MIOFASCIALES-DEL-MIEMBRO-SUPERIOR.pdf\" target=\"_blank\">134 &#8211; 2018 &#8211; Cadenas Miofasciales del miembro superior<\/a><\/li>\n\n\n\n<li><a rel=\"noreferrer noopener\" href=\"https:\/\/www.cristinaoleari.com.ar\/wp-content\/uploads\/2023\/02\/KINE-135-Oleari-2018-INTEGRACION-Y-CADENAS-MIOFASCIALES-CRUZADAS.pdf\" data-type=\"URL\" data-id=\"https:\/\/www.cristinaoleari.com.ar\/wp-content\/uploads\/2023\/02\/KINE-135-Oleari-2018-INTEGRACION-Y-CADENAS-MIOFASCIALES-CRUZADAS.pdf\" target=\"_blank\">135 &#8211; 2018 &#8211; Integraci\u00f3n y Cadenas Miofasciales cruzadas<\/a><\/li>\n\n\n\n<li><a rel=\"noreferrer noopener\" href=\"https:\/\/www.cristinaoleari.com.ar\/wp-content\/uploads\/2023\/02\/KINE-136-Oleari-2019-CAPACIDADES-FISICAS-FUERZA-MUSCULAR.pdf\" data-type=\"URL\" data-id=\"https:\/\/www.cristinaoleari.com.ar\/wp-content\/uploads\/2023\/02\/KINE-136-Oleari-2019-CAPACIDADES-FISICAS-FUERZA-MUSCULAR.pdf\" target=\"_blank\">136 &#8211; 2019 &#8211; Capacidades f\u00edsicas: fuerza muscular<\/a><\/li>\n\n\n\n<li><a rel=\"noreferrer noopener\" href=\"https:\/\/www.cristinaoleari.com.ar\/wp-content\/uploads\/2023\/02\/KINE-137-Oleari-2019-CAPACIDADES-FISICAS-ELASTICIDAD-DE-LOS-TEJIDOS.pdf\" data-type=\"URL\" data-id=\"https:\/\/www.cristinaoleari.com.ar\/wp-content\/uploads\/2023\/02\/KINE-137-Oleari-2019-CAPACIDADES-FISICAS-ELASTICIDAD-DE-LOS-TEJIDOS.pdf\" target=\"_blank\">137 &#8211; 2019 &#8211; Capacidades f\u00edsicas: elasticidad de los tejidos<\/a><\/li>\n\n\n\n<li><a rel=\"noreferrer noopener\" href=\"https:\/\/www.cristinaoleari.com.ar\/wp-content\/uploads\/2023\/02\/KINE-138-Oleari-2019-CAPACIDADES-FISICAS-VELOCIDAD.pdf\" data-type=\"URL\" data-id=\"https:\/\/www.cristinaoleari.com.ar\/wp-content\/uploads\/2023\/02\/KINE-138-Oleari-2019-CAPACIDADES-FISICAS-VELOCIDAD.pdf\" target=\"_blank\">138 &#8211; 2019 &#8211; Capacidades f\u00edsicas: velocidad<\/a><\/li>\n\n\n\n<li><a rel=\"noreferrer noopener\" href=\"https:\/\/www.cristinaoleari.com.ar\/wp-content\/uploads\/2023\/02\/KINE-139-Oleari-2019-CAPACIDADES-FISICAS-POTENCIA.pdf\" data-type=\"URL\" data-id=\"https:\/\/www.cristinaoleari.com.ar\/wp-content\/uploads\/2023\/02\/KINE-139-Oleari-2019-CAPACIDADES-FISICAS-POTENCIA.pdf\" target=\"_blank\">139 &#8211; 2019 &#8211; Capacidades f\u00edsicas: potencia<\/a><\/li>\n\n\n\n<li><a rel=\"noreferrer noopener\" href=\"https:\/\/www.cristinaoleari.com.ar\/wp-content\/uploads\/2023\/02\/KINE-140-Oleari-2019-CAPACIDADES-FISICAS-RESISTENCIA-MUSCULAR-INTEGRACION.pdf\" data-type=\"URL\" data-id=\"https:\/\/www.cristinaoleari.com.ar\/wp-content\/uploads\/2023\/02\/KINE-140-Oleari-2019-CAPACIDADES-FISICAS-RESISTENCIA-MUSCULAR-INTEGRACION.pdf\" target=\"_blank\">140 &#8211; 2019 &#8211; Capacidades F\u00edsicas: resistencia muscular, integraci\u00f3n<\/a><\/li>\n\n\n\n<li><a href=\"https:\/\/www.cristinaoleari.com.ar\/wp-content\/uploads\/2023\/02\/KINE-141-Oleari-2020-CAPACIDADES-PERCEPTIVO-MOTORAS-COORDINACION.pdf\" data-type=\"URL\" data-id=\"https:\/\/www.cristinaoleari.com.ar\/wp-content\/uploads\/2023\/02\/KINE-141-Oleari-2020-CAPACIDADES-PERCEPTIVO-MOTORAS-COORDINACION.pdf\" target=\"_blank\" rel=\"noreferrer noopener\">141 &#8211; 2020 &#8211; Capacidades perceptivo &#8211; motoras: coordinaci\u00f3n<\/a><\/li>\n<\/ul>\n\n\n\n<ul class=\"wp-block-list\">\n<li><a rel=\"noreferrer noopener\" href=\"https:\/\/www.cristinaoleari.com.ar\/wp-content\/uploads\/2023\/02\/KINE-142-Oleari-2020-CAPACIDADES-PERCEPTIVO-MOTORAS-RITMO.pdf\" data-type=\"URL\" data-id=\"https:\/\/www.cristinaoleari.com.ar\/wp-content\/uploads\/2023\/02\/KINE-142-Oleari-2020-CAPACIDADES-PERCEPTIVO-MOTORAS-RITMO.pdf\" target=\"_blank\">142 &#8211; 2020 &#8211; Capacidades perceptivo &#8211; motoras: ritmo<\/a><\/li>\n\n\n\n<li><a rel=\"noreferrer noopener\" href=\"https:\/\/www.cristinaoleari.com.ar\/wp-content\/uploads\/2023\/02\/KINE-143-Oleari-2020-CAPACIDADES-PERCEPTIVO-MOTORAS-EQUILIBRIO-Y-POSTURA.pdf\" data-type=\"URL\" data-id=\"https:\/\/www.cristinaoleari.com.ar\/wp-content\/uploads\/2023\/02\/KINE-143-Oleari-2020-CAPACIDADES-PERCEPTIVO-MOTORAS-EQUILIBRIO-Y-POSTURA.pdf\" target=\"_blank\">143 &#8211; 2020 &#8211; Capacidades perceptivo &#8211; motoras: equilibrio y postura<\/a><\/li>\n\n\n\n<li><a rel=\"noreferrer noopener\" href=\"https:\/\/www.cristinaoleari.com.ar\/wp-content\/uploads\/2023\/02\/KINE-144-Oleari-2020-CAPACIDADES-PERCEPTIVO-MOTORAS-PRECISION-Y-PUNTERIA.pdf\" data-type=\"URL\" data-id=\"https:\/\/www.cristinaoleari.com.ar\/wp-content\/uploads\/2023\/02\/KINE-144-Oleari-2020-CAPACIDADES-PERCEPTIVO-MOTORAS-PRECISION-Y-PUNTERIA.pdf\" target=\"_blank\">144 &#8211; 2020 &#8211; Capacidades perceptivo &#8211; motoras: precisi\u00f3n y punter\u00eda<\/a><\/li>\n\n\n\n<li><a rel=\"noreferrer noopener\" href=\"https:\/\/www.cristinaoleari.com.ar\/wp-content\/uploads\/2023\/02\/KINE-145-Oleari-2020-CAPACIDADES-PERCEPTIVO-MOTORAS-DESTREZA-AGILIDAD-HABILIDAD.pdf\" data-type=\"URL\" data-id=\"https:\/\/www.cristinaoleari.com.ar\/wp-content\/uploads\/2023\/02\/KINE-145-Oleari-2020-CAPACIDADES-PERCEPTIVO-MOTORAS-DESTREZA-AGILIDAD-HABILIDAD.pdf\" target=\"_blank\">145 &#8211; 2020 &#8211; Capacidades perceptivo &#8211; motoras: destreza, agilidad, habilidad<\/a><\/li>\n<\/ul>\n<\/li>\n<\/ul>\n\n\n\n<h2 class=\"wp-block-heading\">Otras Presentaciones<\/h2>\n\n\n\n<ul class=\"wp-block-list\">\n<li><a href=\"http:\/\/www.youtube.com\/watch?v=neInqcSbVPs\">TEDxUBA:&nbsp;\u00bfDebemos vivir con dolor? \u00bfy si cambiamos de postura?<\/a><\/li>\n\n\n\n<li><a rel=\"noreferrer noopener\" href=\"https:\/\/www.cristinaoleari.com.ar\/?page_id=524\" data-type=\"URL\" data-id=\"https:\/\/www.cristinaoleari.com.ar\/?page_id=524\" target=\"_blank\">MAMBA \u2013  Museo de Arte Moderno de Buenos Aires CUERPO, BIOMEC\u00c1NICA Y POSTURA EN LAS ARTES. FECHA: 07-11-2015<\/a><\/li>\n\n\n\n<li><a href=\"http:\/\/cristinaoleari.com.ar\/?page_id=312\">Entrevista en Metro 95.1 del 24\/04\/2014, con Andy kusnetzoff, Gabriel Schultz, Cayetano y Harry<\/a><\/li>\n\n\n\n<li><a href=\"http:\/\/cristinaoleari.com.ar\/?page_id=388\">Tratamiento de Tres Escuadras en RED DE SALUD, por la TV P\u00daBLICA, 10\/11\/2014<\/a><\/li>\n\n\n\n<li><a rel=\"noreferrer noopener\" href=\"https:\/\/www.youtube.com\/watch?v=QD82pKNFnPE\" target=\"_blank\">YouTube: Paseando bajo la piel, parte 1 (en ingl\u00e9s)<\/a>. Dr. Jean Claude Guimberteau<\/li>\n<\/ul>\n","protected":false},"excerpt":{"rendered":"<p>Art\u00edculos Cient\u00edficos Art\u00edculos de Divulgaci\u00f3n Otras Presentaciones<\/p>\n","protected":false},"author":1,"featured_media":0,"parent":0,"menu_order":0,"comment_status":"closed","ping_status":"closed","template":"","meta":{"footnotes":""},"class_list":["post-83","page","type-page","status-publish","hentry"],"_links":{"self":[{"href":"https:\/\/www.cristinaoleari.com.ar\/index.php?rest_route=\/wp\/v2\/pages\/83","targetHints":{"allow":["GET"]}}],"collection":[{"href":"https:\/\/www.cristinaoleari.com.ar\/index.php?rest_route=\/wp\/v2\/pages"}],"about":[{"href":"https:\/\/www.cristinaoleari.com.ar\/index.php?rest_route=\/wp\/v2\/types\/page"}],"author":[{"embeddable":true,"href":"https:\/\/www.cristinaoleari.com.ar\/index.php?rest_route=\/wp\/v2\/users\/1"}],"replies":[{"embeddable":true,"href":"https:\/\/www.cristinaoleari.com.ar\/index.php?rest_route=%2Fwp%2Fv2%2Fcomments&post=83"}],"version-history":[{"count":37,"href":"https:\/\/www.cristinaoleari.com.ar\/index.php?rest_route=\/wp\/v2\/pages\/83\/revisions"}],"predecessor-version":[{"id":988,"href":"https:\/\/www.cristinaoleari.com.ar\/index.php?rest_route=\/wp\/v2\/pages\/83\/revisions\/988"}],"wp:attachment":[{"href":"https:\/\/www.cristinaoleari.com.ar\/index.php?rest_route=%2Fwp%2Fv2%2Fmedia&parent=83"}],"curies":[{"name":"wp","href":"https:\/\/api.w.org\/{rel}","templated":true}]}}